{"id":1107,"date":"2023-10-16T12:32:23","date_gmt":"2023-10-16T10:32:23","guid":{"rendered":"http:\/\/www.mksistemi.com\/mkonnect\/?page_id=1107"},"modified":"2023-10-16T12:32:23","modified_gmt":"2023-10-16T10:32:23","slug":"cookie-policy","status":"publish","type":"page","link":"https:\/\/www.mksistemi.com\/mkonnect\/cookie-policy\/","title":{"rendered":"Cookie Policy"},"content":{"rendered":"<p>La nostra Cookie Policy ha l\u2019intento di descrivere le tipologie di cookie utilizzati dalla nostra applicazione https:\/\/www.mksistemi.com\/mkonnect\/ (di seguito \u201cApplicazione\u201d), le finalit\u00e0, la durata e le modalit\u00e0 con cui l\u2019Utente pu\u00f2 gestire i cookie presenti.<br \/>\nIl titolare del trattamento dei dati personali \u00e8 MK SISTEMI <em>di Marco Santeramo<\/em>\u00a001102400775 | Recinto Nino Rota, 51 75100 Matera (MT) (di seguito il \u201cTitolare\u201d).<br \/>\n1 COSA SONO I COOKIE<br \/>\nI cookie sono stringhe di testo di piccole dimensioni che vengono memorizzate sul dispositivo dell\u2019Utente quando naviga in rete. I cookie hanno lo scopo di raccogliere e memorizzare informazioni relative all\u2019Utente al fine di rendere l\u2019Applicazione pi\u00f9 semplice, pi\u00f9 veloce e pi\u00f9 aderente alle sue richieste.<br \/>\nCon il termine cookie si vuol far riferimento sia agli stessi cookie sia a tutte le tecnologie similari.<br \/>\nL\u2019Utente pu\u00f2 bloccare i cookie, eliminarli o disattivarli nelle impostazioni del dispositivo o del browser come di seguito indicato nel paragrafo relativo a \u201cGestione dei cookie\u201d.<br \/>\n2 TIPOLOGIE DI COOKIE USATI DA QUESTA APPLICAZIONE<br \/>\nQuesta Applicazione usa i seguenti cookie:<br \/>\n\u2022 Cookie tecnici di prima parte: sono cookie che appartengono al Titolare dell\u2019Applicazione e che raccolgono dati dell\u2019Utente accessibili solo al Titolare. L\u2019Applicazione usa questi cookie per svolgere attivit\u00e0 strettamente necessarie al funzionamento dell\u2019Applicazione e all\u2019erogazione del servizio o per raccogliere informazioni, in forma aggregata e anonima, per finalit\u00e0 statistiche. Questi cookie non profilano l\u2019Utente. Per l\u2019uso di questi cookie non \u00e8 richiesto il consenso dell\u2019Utente.<br \/>\n\u2022 Cookie di terza parte: sono cookie che appartengono a fornitori esterni e sui quali il Titolare dell\u2019Applicazione non ha il controllo diretto. Questi cookie raccolgono dati dell\u2019Utente che sono accessibili al fornitore del cookie. A seconda della loro finalit\u00e0 questi cookie possono svolgere attivit\u00e0 strettamente necessarie al funzionamento dell\u2019Applicazione, raccogliere dati per creare un profilo personale dell\u2019Utente o essere impostati per altre finalit\u00e0 e modalit\u00e0 di trattamento. Per maggiori informazioni si consiglia di consultare con attenzione le privacy policy dei fornitori dei cookie sotto elencati:<br \/>\no Facebook Ads monitoraggio conversioni (pixel di Facebook)<br \/>\nIl monitoraggio conversioni di Facebook Ads (pixel di Facebook) \u00e8 un servizio fornito da Facebook, Inc. che fornisce le statistiche e traccia le azioni dell\u2019Utente dopo che ha cliccato sugli annunci gestiti da Facebook.<br \/>\nPer l\u2019uso di questi cookie \u00e8 richiesto il preventivo consenso dell\u2019Utente.<br \/>\nPer maggiori informazioni, consultare la pagina:<br \/>\no https:\/\/www.facebook.com\/about\/privacy\/<br \/>\no Facebook Remarketing<br \/>\nFacebook Remarketing \u00e8 un servizio fornito da Facebook, Inc. che collega l\u2019attivit\u00e0 di questa Applicazione con il network di advertising di Facebook.<br \/>\nPer l\u2019uso di questi cookie \u00e8 richiesto il preventivo consenso dell\u2019Utente.<br \/>\nPer maggiori informazioni, consultare la pagina:<br \/>\no https:\/\/www.facebook.com\/about\/privacy\/<br \/>\no Google Analytics con IP anonimizzato<br \/>\nGoogle Analytics \u00e8 un servizio di analisi statistica fornito da Google Inc. che usa i cookie per misurare le visite e l\u2019utilizzo dell\u2019Applicazione da parte degli Utenti. Google dichiara che i dati raccolti non consentono di effettuare profilazione dell\u2019Utente poich\u00e9 riceve l\u2019indirizzo IP degli Utenti anonimizzato e altri dati anonimi che non possono identificare l\u2019Utente. Per l\u2019uso di questi cookie non \u00e8 richiesto il preventivo consenso dell\u2019Utente.<br \/>\nPer maggiori informazioni, consultare la pagina:<br \/>\no https:\/\/policies.google.com\/privacy<br \/>\no YouTube visualizzazione contenuti<br \/>\nYouTube \u00e8 un servizio fornito da Google, Inc. che usa i cookie per permettere di visualizzare contenuti video all\u2019interno di questa Applicazione.<br \/>\nPer l\u2019uso di questi cookie \u00e8 richiesto il preventivo consenso dell\u2019Utente.<br \/>\nPer maggiori informazioni, consultare la pagina<br \/>\no https:\/\/policies.google.com\/privacy<br \/>\n3 DURATA DEI COOKIE<br \/>\nI cookie hanno una durata dettata dalla data di scadenza o da un\u2019azione specifica, come la chiusura del browser impostata al momento dell\u2019installazione. I cookie possono essere:<br \/>\n\u2022 temporanei o di sessione: sono utilizzati per archiviare informazioni temporanee, consentono di collegare le azioni eseguite durante una sessione specifica e vengono rimossi dal dispositivo dell\u2019Utente alla chiusura del browser;<br \/>\n\u2022 persistenti: sono utilizzati per archiviare informazioni, ad esempio il nome e la password di accesso, in modo da evitare che l\u2019Utente debba digitarli nuovamente ogni volta che visita un sito specifico. Questi rimangono memorizzati nel dispositivo dell\u2019Utente anche dopo aver chiuso il browser.<br \/>\nI cookie di profilazione sono memorizzati sul dispositivo dell\u2019Utente per un periodo non superiore a 12 mesi. Allo scadere di tale termine verr\u00e0 riproposto all\u2019Utente il banner tramite cui sar\u00e0 necessario manifestare nuovamente il consenso all\u2019utilizzo di questi cookie.<br \/>\n4 GESTIONE DEI COOKIE<br \/>\nL\u2019Utente pu\u00f2 gestire le preferenze relative ai cookie direttamente all\u2019interno del proprio browser ed impedire che terze parti possano installare i cookies. Tramite le preferenze del browser \u00e8 inoltre possibile eliminare i cookie installati in passato, incluso il cookie in cui \u00e8 stato eventualmente salvato il consenso. Disabilitando tutti i cookie, il funzionamento di questa Applicazione potrebbe risultare compromesso.<br \/>\nL\u2019Utente pu\u00f2 cancellare tutti i cookie presenti sul suo dispositivo semplicemente selezionando, sul proprio browser, le impostazioni che consentono di rifiutarli. Ogni browser ha specifiche istruzioni di configurazione che possono essere trovati sul sito internet del fornitore del browser ai seguenti link:<br \/>\n\u2022 Apple Safari: https:\/\/support.apple.com\/it-it\/guide\/safari\/manage-cookies-and-website-data-sfri11471\/<br \/>\n\u2022 Google Chrome: https:\/\/support.google.com\/chrome\/answer\/95647<br \/>\n\u2022 Mozilla Firefox: https:\/\/support.mozilla.org\/kb\/enable-and-disable-cookies-website-preferences<br \/>\n\u2022 Internet Explorer: http:\/\/windows.microsoft.com\/internet-explorer\/delete-manage-cookies<br \/>\n\u2022 Microsoft Edge https:\/\/support.microsoft.com\/it-it\/help\/4027947\/microsoft-edge-delete-cookies<br \/>\n\u2022 Opera: https:\/\/www.opera.com\/help\/tutorials\/security\/privacy\/<br \/>\nInoltre si pu\u00f2 procedere alla cancellazione dei cookie di terze parti chiedendo l\u2019opt-out direttamente alle terze parti o tramite il sito http:\/\/www.youronlinechoices.com, dove \u00e8 possibile gestire le preferenze di tracciamento della maggior parte degli strumenti pubblicitari.<br \/>\nPer modificare le impostazioni relative ai cookie Flash si pu\u00f2 cliccare sul seguente link https:\/\/www.macromedia.com\/support\/documentation\/en\/flashplayer\/help\/settings_manager07.html.<br \/>\n5 DIRITTI DELL\u2019UTENTE<br \/>\nGli Utenti possono esercitare determinati diritti con riferimento ai dati personali trattati dal Titolare. In particolare, l\u2019Utente ha il diritto di:<br \/>\n\u2022 revocare il consenso in ogni momento;<br \/>\n\u2022 opporsi al trattamento dei propri dati personali;<br \/>\n\u2022 accedere ai propri dati personali;<br \/>\n\u2022 verificare e chiedere la rettificazione;<br \/>\n\u2022 ottenere la limitazione del trattamento;<br \/>\n\u2022 ottenere la cancellazione o rimozione dei propri dati personali;<br \/>\n\u2022 ricevere i propri dati personali o farli trasferire ad altro titolare;<br \/>\n\u2022 proporre reclamo all\u2019autorit\u00e0 di controllo della protezione dei dati personali e\/o agire in sede giudiziale.<br \/>\nPer esercitare tali diritti, scrivere al Titolare: <a class=\"text-white\" href=\"mailto:info@mksistemi.com\">info@mksistemi.com<\/a> Le richieste sono effettuate a titolo gratuito ed evase dal Titolare nel pi\u00f9 breve tempo possibile, in ogni caso entro 30 giorni.<br \/>\nLe ulteriori informazioni riguardo al trattamento dei dati personali si possono trovare nell\u2019informativa privacy al seguente link https:\/\/www.mksistemi.com\/mkonnect\/privacy-policy<br \/>\nUltimo aggiornamento: 21\/09\/2023<\/p>\n","protected":false},"excerpt":{"rendered":"<p>La nostra Cookie Policy ha l\u2019intento di descrivere le tipologie di cookie utilizzati dalla nostra applicazione https:\/\/www.mksistemi.com\/mkonnect\/ (di seguito \u201cApplicazione\u201d), le finalit\u00e0, la durata e le modalit\u00e0 con cui [&#8230;]<\/p>\n","protected":false},"author":1,"featured_media":0,"parent":0,"menu_order":0,"comment_status":"closed","ping_status":"closed","template":"","meta":{"footnotes":""},"class_list":["post-1107","page","type-page","status-publish","hentry"],"yoast_head":"<!-- This site is optimized with the Yoast SEO plugin v25.2 - https:\/\/yoast.com\/wordpress\/plugins\/seo\/ -->\n<title>Cookie Policy - MKonnect<\/title>\n<meta name=\"robots\" content=\"index, follow, max-snippet:-1, max-image-preview:large, max-video-preview:-1\" \/>\n<link rel=\"canonical\" href=\"https:\/\/www.mksistemi.com\/mkonnect\/cookie-policy\/\" \/>\n<meta property=\"og:locale\" content=\"it_IT\" \/>\n<meta property=\"og:type\" content=\"article\" \/>\n<meta property=\"og:title\" content=\"Cookie Policy - MKonnect\" \/>\n<meta property=\"og:description\" content=\"La nostra Cookie Policy ha l\u2019intento di descrivere le tipologie di cookie utilizzati dalla nostra applicazione https:\/\/www.mksistemi.com\/mkonnect\/ (di seguito \u201cApplicazione\u201d), le finalit\u00e0, la durata e le modalit\u00e0 con cui [...]\" \/>\n<meta property=\"og:url\" content=\"https:\/\/www.mksistemi.com\/mkonnect\/cookie-policy\/\" \/>\n<meta property=\"og:site_name\" content=\"MKonnect\" \/>\n<meta name=\"twitter:card\" content=\"summary_large_image\" \/>\n<meta name=\"twitter:label1\" content=\"Tempo di lettura stimato\" \/>\n\t<meta name=\"twitter:data1\" content=\"6 minuti\" \/>\n<script type=\"application\/ld+json\" class=\"yoast-schema-graph\">{\"@context\":\"https:\/\/schema.org\",\"@graph\":[{\"@type\":\"WebPage\",\"@id\":\"https:\/\/www.mksistemi.com\/mkonnect\/cookie-policy\/\",\"url\":\"https:\/\/www.mksistemi.com\/mkonnect\/cookie-policy\/\",\"name\":\"Cookie Policy - MKonnect\",\"isPartOf\":{\"@id\":\"https:\/\/www.mksistemi.com\/mkonnect\/#website\"},\"datePublished\":\"2023-10-16T10:32:23+00:00\",\"breadcrumb\":{\"@id\":\"https:\/\/www.mksistemi.com\/mkonnect\/cookie-policy\/#breadcrumb\"},\"inLanguage\":\"it-IT\",\"potentialAction\":[{\"@type\":\"ReadAction\",\"target\":[\"https:\/\/www.mksistemi.com\/mkonnect\/cookie-policy\/\"]}]},{\"@type\":\"BreadcrumbList\",\"@id\":\"https:\/\/www.mksistemi.com\/mkonnect\/cookie-policy\/#breadcrumb\",\"itemListElement\":[{\"@type\":\"ListItem\",\"position\":1,\"name\":\"Home\",\"item\":\"https:\/\/www.mksistemi.com\/mkonnect\/\"},{\"@type\":\"ListItem\",\"position\":2,\"name\":\"Cookie Policy\"}]},{\"@type\":\"WebSite\",\"@id\":\"https:\/\/www.mksistemi.com\/mkonnect\/#website\",\"url\":\"https:\/\/www.mksistemi.com\/mkonnect\/\",\"name\":\"MKonnect\",\"description\":\"\",\"potentialAction\":[{\"@type\":\"SearchAction\",\"target\":{\"@type\":\"EntryPoint\",\"urlTemplate\":\"https:\/\/www.mksistemi.com\/mkonnect\/?s={search_term_string}\"},\"query-input\":{\"@type\":\"PropertyValueSpecification\",\"valueRequired\":true,\"valueName\":\"search_term_string\"}}],\"inLanguage\":\"it-IT\"}]}<\/script>\n<!-- \/ Yoast SEO plugin. -->","yoast_head_json":{"title":"Cookie Policy - MKonnect","robots":{"index":"index","follow":"follow","max-snippet":"max-snippet:-1","max-image-preview":"max-image-preview:large","max-video-preview":"max-video-preview:-1"},"canonical":"https:\/\/www.mksistemi.com\/mkonnect\/cookie-policy\/","og_locale":"it_IT","og_type":"article","og_title":"Cookie Policy - MKonnect","og_description":"La nostra Cookie Policy ha l\u2019intento di descrivere le tipologie di cookie utilizzati dalla nostra applicazione https:\/\/www.mksistemi.com\/mkonnect\/ (di seguito \u201cApplicazione\u201d), le finalit\u00e0, la durata e le modalit\u00e0 con cui [...]","og_url":"https:\/\/www.mksistemi.com\/mkonnect\/cookie-policy\/","og_site_name":"MKonnect","twitter_card":"summary_large_image","twitter_misc":{"Tempo di lettura stimato":"6 minuti"},"schema":{"@context":"https:\/\/schema.org","@graph":[{"@type":"WebPage","@id":"https:\/\/www.mksistemi.com\/mkonnect\/cookie-policy\/","url":"https:\/\/www.mksistemi.com\/mkonnect\/cookie-policy\/","name":"Cookie Policy - MKonnect","isPartOf":{"@id":"https:\/\/www.mksistemi.com\/mkonnect\/#website"},"datePublished":"2023-10-16T10:32:23+00:00","breadcrumb":{"@id":"https:\/\/www.mksistemi.com\/mkonnect\/cookie-policy\/#breadcrumb"},"inLanguage":"it-IT","potentialAction":[{"@type":"ReadAction","target":["https:\/\/www.mksistemi.com\/mkonnect\/cookie-policy\/"]}]},{"@type":"BreadcrumbList","@id":"https:\/\/www.mksistemi.com\/mkonnect\/cookie-policy\/#breadcrumb","itemListElement":[{"@type":"ListItem","position":1,"name":"Home","item":"https:\/\/www.mksistemi.com\/mkonnect\/"},{"@type":"ListItem","position":2,"name":"Cookie Policy"}]},{"@type":"WebSite","@id":"https:\/\/www.mksistemi.com\/mkonnect\/#website","url":"https:\/\/www.mksistemi.com\/mkonnect\/","name":"MKonnect","description":"","potentialAction":[{"@type":"SearchAction","target":{"@type":"EntryPoint","urlTemplate":"https:\/\/www.mksistemi.com\/mkonnect\/?s={search_term_string}"},"query-input":{"@type":"PropertyValueSpecification","valueRequired":true,"valueName":"search_term_string"}}],"inLanguage":"it-IT"}]}},"_links":{"self":[{"href":"https:\/\/www.mksistemi.com\/mkonnect\/wp-json\/wp\/v2\/pages\/1107","targetHints":{"allow":["GET"]}}],"collection":[{"href":"https:\/\/www.mksistemi.com\/mkonnect\/wp-json\/wp\/v2\/pages"}],"about":[{"href":"https:\/\/www.mksistemi.com\/mkonnect\/wp-json\/wp\/v2\/types\/page"}],"author":[{"embeddable":true,"href":"https:\/\/www.mksistemi.com\/mkonnect\/wp-json\/wp\/v2\/users\/1"}],"replies":[{"embeddable":true,"href":"https:\/\/www.mksistemi.com\/mkonnect\/wp-json\/wp\/v2\/comments?post=1107"}],"version-history":[{"count":1,"href":"https:\/\/www.mksistemi.com\/mkonnect\/wp-json\/wp\/v2\/pages\/1107\/revisions"}],"predecessor-version":[{"id":1108,"href":"https:\/\/www.mksistemi.com\/mkonnect\/wp-json\/wp\/v2\/pages\/1107\/revisions\/1108"}],"wp:attachment":[{"href":"https:\/\/www.mksistemi.com\/mkonnect\/wp-json\/wp\/v2\/media?parent=1107"}],"curies":[{"name":"wp","href":"https:\/\/api.w.org\/{rel}","templated":true}]}}